{"id":33,"date":"2025-10-27T15:38:51","date_gmt":"2025-10-27T15:38:51","guid":{"rendered":"https:\/\/nexuswasicapital.com\/?page_id=33"},"modified":"2025-11-19T00:44:57","modified_gmt":"2025-11-19T00:44:57","slug":"contacto","status":"publish","type":"page","link":"https:\/\/nexuswasicapital.com\/index.php\/contacto\/","title":{"rendered":"Contacto"},"content":{"rendered":"<p>[et_pb_section fb_built=\u00bb1&#8243; fullwidth=\u00bbon\u00bb _builder_version=\u00bb4.27.4&#8243; _module_preset=\u00bbdefault\u00bb global_colors_info=\u00bb{}\u00bb][et_pb_fullwidth_header title=\u00bbCont\u00e1ctanos\u00bb background_overlay_color=\u00bb#735e42&#8243; module_class=\u00bbsuperposicion-header\u00bb _builder_version=\u00bb4.27.4&#8243; _module_preset=\u00bbdefault\u00bb title_font=\u00bbAnybody||||||||\u00bb title_font_size=\u00bb48px\u00bb content_font_size=\u00bb25px\u00bb content_line_height=\u00bb1.4em\u00bb background_enable_color=\u00bboff\u00bb background_image=\u00bbhttps:\/\/nexuswasicapital.com\/wp-content\/uploads\/2025\/10\/close-up-hands-real-estate-agent-with-phone-taking-pictures-new-residential-building.jpg\u00bb custom_padding=\u00bb229px||229px||true|\u00bb custom_css_main_element=\u00bbbackground-color: rgba(0, 0, 0, 0.1) !important;||\u00bb text_shadow_style=\u00bbpreset1&#8243; global_colors_info=\u00bb{}\u00bb background_overlay_color__hover_enabled=\u00bbon|desktop\u00bb background_overlay_color__hover=\u00bb#735e42&#8243;]<\/p>\n<p>Estamos listos para atender tus consultas y<br \/>ayudarte a tomar la mejor decisi\u00f3n.<\/p>\n<p>[\/et_pb_fullwidth_header][\/et_pb_section][et_pb_section fb_built=\u00bb1&#8243; _builder_version=\u00bb4.27.4&#8243; _module_preset=\u00bbdefault\u00bb custom_padding=\u00bb63px|||||\u00bb global_colors_info=\u00bb{}\u00bb][et_pb_row column_structure=\u00bb1_2,1_2&#8243; _builder_version=\u00bb4.27.4&#8243; _module_preset=\u00bbdefault\u00bb global_colors_info=\u00bb{}\u00bb][et_pb_column type=\u00bb1_2&#8243; _builder_version=\u00bb4.27.4&#8243; _module_preset=\u00bbdefault\u00bb global_colors_info=\u00bb{}\u00bb][et_pb_text _builder_version=\u00bb4.27.4&#8243; _module_preset=\u00bbdefault\u00bb header_2_font=\u00bbAnybody||||||||\u00bb header_2_font_size=\u00bb31px\u00bb custom_margin=\u00bb||10px||false|false\u00bb global_colors_info=\u00bb{}\u00bb]<\/p>\n<h2>NEXUS WASI CAPITAL S.A.C.S<\/h2>\n<p>[\/et_pb_text][et_pb_divider color=\u00bb#C3AF91&#8243; divider_weight=\u00bb8px\u00bb _builder_version=\u00bb4.27.4&#8243; _module_preset=\u00bbdefault\u00bb width=\u00bb15%\u00bb custom_margin=\u00bb||10px||false|false\u00bb global_colors_info=\u00bb{}\u00bb][\/et_pb_divider][et_pb_text _builder_version=\u00bb4.27.4&#8243; _module_preset=\u00bbdefault\u00bb header_2_font=\u00bbAnybody||||||||\u00bb custom_margin=\u00bb||10px||false|false\u00bb global_colors_info=\u00bb{}\u00bb]<\/p>\n<h2>Direcci\u00f3n:<\/h2>\n<p>[\/et_pb_text][et_pb_divider color=\u00bb#C3AF91&#8243; divider_weight=\u00bb8px\u00bb _builder_version=\u00bb4.27.4&#8243; _module_preset=\u00bbdefault\u00bb width=\u00bb15%\u00bb custom_margin=\u00bb||10px||false|false\u00bb global_colors_info=\u00bb{}\u00bb][\/et_pb_divider][et_pb_blurb use_icon=\u00bbon\u00bb font_icon=\u00bb&#xe074;||divi||400&#8243; icon_color=\u00bb#735E42&#8243; icon_placement=\u00bbleft\u00bb _builder_version=\u00bb4.27.4&#8243; _module_preset=\u00bbdefault\u00bb global_colors_info=\u00bb{}\u00bb]<\/p>\n<p>Calle Catalu\u00f1a 156, Urb. La Capilla &#8211; La Molina &#8211;<br \/>Lima &#8211; Per\u00fa<\/p>\n<p>[\/et_pb_blurb][et_pb_text _builder_version=\u00bb4.27.4&#8243; _module_preset=\u00bbdefault\u00bb header_2_font=\u00bbAnybody||||||||\u00bb custom_margin=\u00bb35px||10px||false|false\u00bb global_colors_info=\u00bb{}\u00bb]<\/p>\n<h2>Tel\u00e9fonos:<\/h2>\n<p>[\/et_pb_text][et_pb_divider color=\u00bb#C3AF91&#8243; divider_weight=\u00bb8px\u00bb _builder_version=\u00bb4.27.4&#8243; _module_preset=\u00bbdefault\u00bb width=\u00bb15%\u00bb custom_margin=\u00bb||10px||false|false\u00bb global_colors_info=\u00bb{}\u00bb][\/et_pb_divider][et_pb_blurb use_icon=\u00bbon\u00bb font_icon=\u00bb&#xf879;||fa||900&#8243; icon_color=\u00bb#735E42&#8243; icon_placement=\u00bbleft\u00bb _builder_version=\u00bb4.27.4&#8243; _module_preset=\u00bbdefault\u00bb global_colors_info=\u00bb{}\u00bb]<\/p>\n<p><a href=\"https:\/\/wa.me\/+51940095131\">+51 989 853 170 &#8211; Lima<\/a><\/p>\n<p>[\/et_pb_blurb][et_pb_blurb use_icon=\u00bbon\u00bb font_icon=\u00bb&#xf879;||fa||900&#8243; icon_color=\u00bb#735E42&#8243; icon_placement=\u00bbleft\u00bb _builder_version=\u00bb4.27.4&#8243; _module_preset=\u00bbdefault\u00bb global_colors_info=\u00bb{}\u00bb]<\/p>\n<p><a href=\"https:\/\/wa.me\/+51940095131\">+51 949 105 090 &#8211; Lima<\/a><\/p>\n<p>[\/et_pb_blurb][et_pb_text _builder_version=\u00bb4.27.4&#8243; _module_preset=\u00bbdefault\u00bb header_2_font=\u00bbAnybody||||||||\u00bb custom_margin=\u00bb35px||10px||false|false\u00bb global_colors_info=\u00bb{}\u00bb]<\/p>\n<h2>E-Mail:<\/h2>\n<p>[\/et_pb_text][et_pb_divider color=\u00bb#C3AF91&#8243; divider_weight=\u00bb8px\u00bb _builder_version=\u00bb4.27.4&#8243; _module_preset=\u00bbdefault\u00bb width=\u00bb15%\u00bb custom_margin=\u00bb||10px||false|false\u00bb global_colors_info=\u00bb{}\u00bb][\/et_pb_divider][et_pb_blurb use_icon=\u00bbon\u00bb font_icon=\u00bb&#xf0e0;||fa||900&#8243; icon_color=\u00bb#735E42&#8243; icon_placement=\u00bbleft\u00bb _builder_version=\u00bb4.27.4&#8243; _module_preset=\u00bbdefault\u00bb body_link_text_color=\u00bb#735E42&#8243; global_colors_info=\u00bb{}\u00bb body_link_text_color__hover_enabled=\u00bbon|hover\u00bb body_link_text_color__hover=\u00bb#CCAC74&#8243;]<a href=\"mailto::informes@nexuswasicapital.com\">informes@nexuswasicapital.com<\/a>[\/et_pb_blurb][\/et_pb_column][et_pb_column type=\u00bb1_2&#8243; _builder_version=\u00bb4.27.4&#8243; _module_preset=\u00bbdefault\u00bb global_colors_info=\u00bb{}\u00bb][et_pb_text _builder_version=\u00bb4.27.4&#8243; _module_preset=\u00bbdefault\u00bb header_2_font=\u00bbAnybody||||||||\u00bb header_2_font_size=\u00bb31px\u00bb custom_margin=\u00bb||10px||false|false\u00bb global_colors_info=\u00bb{}\u00bb]<\/p>\n<h2>Has tu Consulta:<\/h2>\n<p>[\/et_pb_text][et_pb_divider color=\u00bb#C3AF91&#8243; divider_weight=\u00bb8px\u00bb _builder_version=\u00bb4.27.4&#8243; _module_preset=\u00bbdefault\u00bb width=\u00bb15%\u00bb custom_margin=\u00bb||10px||false|false\u00bb global_colors_info=\u00bb{}\u00bb][\/et_pb_divider][et_pb_text _builder_version=\u00bb4.27.4&#8243; _module_preset=\u00bbdefault\u00bb text_line_height=\u00bb1.6em\u00bb global_colors_info=\u00bb{}\u00bb]<\/p>\n<p>Envianos un mensaje con lo que estas buscando. Nuestros Agentes te responderan a la brevedad.<\/p>\n<p>[\/et_pb_text][et_pb_contact_form captcha=\u00bboff\u00bb email=\u00bbinformes@nexuswasicapital.com\u00bb custom_message=\u00bbHola tienes un nuevo mensaje desde la web:||et_pb_line_break_holder||||et_pb_line_break_holder||Nombre: %%Nombre%%||et_pb_line_break_holder||||et_pb_line_break_holder||E-Mail: %%Email%%||et_pb_line_break_holder||||et_pb_line_break_holder||Celular: %%telefono%%||et_pb_line_break_holder||||et_pb_line_break_holder||Tipo de Inmueble: %%Tipo_de_Inmueble%%||et_pb_line_break_holder||||et_pb_line_break_holder||Ubicaci\u00f3n: %%ubicacion_preio%%||et_pb_line_break_holder||||et_pb_line_break_holder||Mensaje: %%Message%%||et_pb_line_break_holder||||et_pb_line_break_holder||||et_pb_line_break_holder||Que tengas buen d\u00eda.||et_pb_line_break_holder||\u00bb success_message=\u00bbGracias por enviar tu consulta, te responderemos en breve.\u00bb _builder_version=\u00bb4.27.4&#8243; _module_preset=\u00bbdefault\u00bb _unique_id=\u00bb67b6b745-48b5-4fb2-99f8-308f66672bd6&#8243; title_level=\u00bbh2&#8243; title_font=\u00bbAnybody||||||||\u00bb title_font_size=\u00bb34px\u00bb custom_button=\u00bbon\u00bb button_text_color=\u00bb#928C7D\u00bb button_bg_color=\u00bb#DFD3C0&#8243; button_border_color=\u00bb#735E42&#8243; hover_enabled=\u00bb0&#8243; global_colors_info=\u00bb{}\u00bb button_bg_color__hover_enabled=\u00bbon|hover\u00bb button_text_color__hover_enabled=\u00bbon|desktop\u00bb button_bg_color__hover=\u00bb#F8F5F0&#8243; button_bg_enable_color__hover=\u00bbon\u00bb button_text_color__hover=\u00bb#928C7D\u00bb sticky_enabled=\u00bb0&#8243;][et_pb_contact_field field_id=\u00bbNombre\u00bb field_title=\u00bbNombres y Apellidos*\u00bb fullwidth_field=\u00bbon\u00bb _builder_version=\u00bb4.27.4&#8243; global_colors_info=\u00bb{}\u00bb button_text_size__hover_enabled=\u00bboff\u00bb button_one_text_size__hover_enabled=\u00bboff\u00bb button_two_text_size__hover_enabled=\u00bboff\u00bb button_text_color__hover_enabled=\u00bboff\u00bb button_one_text_color__hover_enabled=\u00bboff\u00bb button_two_text_color__hover_enabled=\u00bboff\u00bb button_border_width__hover_enabled=\u00bboff\u00bb button_one_border_width__hover_enabled=\u00bboff\u00bb button_two_border_width__hover_enabled=\u00bboff\u00bb button_border_color__hover_enabled=\u00bboff\u00bb button_one_border_color__hover_enabled=\u00bboff\u00bb button_two_border_color__hover_enabled=\u00bboff\u00bb button_border_radius__hover_enabled=\u00bboff\u00bb button_one_border_radius__hover_enabled=\u00bboff\u00bb button_two_border_radius__hover_enabled=\u00bboff\u00bb button_letter_spacing__hover_enabled=\u00bboff\u00bb button_one_letter_spacing__hover_enabled=\u00bboff\u00bb button_two_letter_spacing__hover_enabled=\u00bboff\u00bb button_bg_color__hover_enabled=\u00bboff\u00bb button_one_bg_color__hover_enabled=\u00bboff\u00bb button_two_bg_color__hover_enabled=\u00bboff\u00bb][\/et_pb_contact_field][et_pb_contact_field field_id=\u00bbEmail\u00bb field_title=\u00bbCorreo electr\u00f3nico *\u00bb field_type=\u00bbemail\u00bb _builder_version=\u00bb4.27.4&#8243; global_colors_info=\u00bb{}\u00bb button_text_size__hover_enabled=\u00bboff\u00bb button_one_text_size__hover_enabled=\u00bboff\u00bb button_two_text_size__hover_enabled=\u00bboff\u00bb button_text_color__hover_enabled=\u00bboff\u00bb button_one_text_color__hover_enabled=\u00bboff\u00bb button_two_text_color__hover_enabled=\u00bboff\u00bb button_border_width__hover_enabled=\u00bboff\u00bb button_one_border_width__hover_enabled=\u00bboff\u00bb button_two_border_width__hover_enabled=\u00bboff\u00bb button_border_color__hover_enabled=\u00bboff\u00bb button_one_border_color__hover_enabled=\u00bboff\u00bb button_two_border_color__hover_enabled=\u00bboff\u00bb button_border_radius__hover_enabled=\u00bboff\u00bb button_one_border_radius__hover_enabled=\u00bboff\u00bb button_two_border_radius__hover_enabled=\u00bboff\u00bb button_letter_spacing__hover_enabled=\u00bboff\u00bb button_one_letter_spacing__hover_enabled=\u00bboff\u00bb button_two_letter_spacing__hover_enabled=\u00bboff\u00bb button_bg_color__hover_enabled=\u00bboff\u00bb button_one_bg_color__hover_enabled=\u00bboff\u00bb button_two_bg_color__hover_enabled=\u00bboff\u00bb][\/et_pb_contact_field][et_pb_contact_field field_id=\u00bbtelefono\u00bb field_title=\u00bbM\u00f3vil *\u00bb min_length=\u00bb9&#8243; max_length=\u00bb9&#8243; allowed_symbols=\u00bbnumbers\u00bb _builder_version=\u00bb4.27.4&#8243; _module_preset=\u00bbdefault\u00bb global_colors_info=\u00bb{}\u00bb][\/et_pb_contact_field][et_pb_contact_field field_id=\u00bbTipo_de_Inmueble\u00bb field_title=\u00bbTipo de Inmueble\u00bb field_type=\u00bbselect\u00bb select_options=\u00bb%91{%22value%22:%22Departamento%22,%22checked%22:0,%22dragID%22:-1},{%22value%22:%22Edificio%22,%22checked%22:0,%22dragID%22:0},{%22value%22:%22D\u00faplex%22,%22checked%22:0,%22dragID%22:1},{%22value%22:%22Estacionamiento%22,%22checked%22:0,%22dragID%22:2},{%22value%22:%22Terreno%22,%22checked%22:0,%22dragID%22:3},{%22value%22:%22Local Industrial%22,%22checked%22:0,%22dragID%22:4}%93&#8243; required_mark=\u00bboff\u00bb _builder_version=\u00bb4.27.4&#8243; _module_preset=\u00bbdefault\u00bb global_colors_info=\u00bb{}\u00bb][\/et_pb_contact_field][et_pb_contact_field field_id=\u00bbubicacion_predio\u00bb field_title=\u00bbUbicaci\u00f3n\u00bb field_type=\u00bbselect\u00bb select_options=\u00bb%91{%22value%22:%22Ancash%22,%22checked%22:0,%22dragID%22:-1},{%22value%22:%22Arequipa%22,%22checked%22:0,%22dragID%22:0},{%22value%22:%22Callao%22,%22checked%22:0,%22dragID%22:1},{%22value%22:%22Ica%22,%22checked%22:0,%22dragID%22:2},{%22value%22:%22Jun\u00edn%22,%22checked%22:0,%22dragID%22:3},{%22value%22:%22Lima%22,%22checked%22:0,%22dragID%22:4}%93&#8243; required_mark=\u00bboff\u00bb _builder_version=\u00bb4.27.4&#8243; _module_preset=\u00bbdefault\u00bb global_colors_info=\u00bb{}\u00bb][\/et_pb_contact_field][et_pb_contact_field field_id=\u00bbMessage\u00bb field_title=\u00bbMensaje\u00bb field_type=\u00bbtext\u00bb fullwidth_field=\u00bbon\u00bb _builder_version=\u00bb4.16&#8243; global_colors_info=\u00bb{}\u00bb button_text_size__hover_enabled=\u00bboff\u00bb button_one_text_size__hover_enabled=\u00bboff\u00bb button_two_text_size__hover_enabled=\u00bboff\u00bb button_text_color__hover_enabled=\u00bboff\u00bb button_one_text_color__hover_enabled=\u00bboff\u00bb button_two_text_color__hover_enabled=\u00bboff\u00bb button_border_width__hover_enabled=\u00bboff\u00bb button_one_border_width__hover_enabled=\u00bboff\u00bb button_two_border_width__hover_enabled=\u00bboff\u00bb button_border_color__hover_enabled=\u00bboff\u00bb button_one_border_color__hover_enabled=\u00bboff\u00bb button_two_border_color__hover_enabled=\u00bboff\u00bb button_border_radius__hover_enabled=\u00bboff\u00bb button_one_border_radius__hover_enabled=\u00bboff\u00bb button_two_border_radius__hover_enabled=\u00bboff\u00bb button_letter_spacing__hover_enabled=\u00bboff\u00bb button_one_letter_spacing__hover_enabled=\u00bboff\u00bb button_two_letter_spacing__hover_enabled=\u00bboff\u00bb button_bg_color__hover_enabled=\u00bboff\u00bb button_one_bg_color__hover_enabled=\u00bboff\u00bb button_two_bg_color__hover_enabled=\u00bboff\u00bb][\/et_pb_contact_field][\/et_pb_contact_form][\/et_pb_column][\/et_pb_row][\/et_pb_section][et_pb_section fb_built=\u00bb1&#8243; _builder_version=\u00bb4.27.4&#8243; _module_preset=\u00bbdefault\u00bb background_enable_pattern_style=\u00bbon\u00bb background_pattern_style=\u00bbsquares\u00bb background_pattern_color=\u00bb#f8f5f0&#8243; background_pattern_transform=\u00bbinvert\u00bb background_pattern_repeat_origin=\u00bbtop_center\u00bb background_pattern_blend_mode=\u00bbmultiply\u00bb custom_padding=\u00bb43px|||||\u00bb global_colors_info=\u00bb{}\u00bb][et_pb_row _builder_version=\u00bb4.27.4&#8243; _module_preset=\u00bbdefault\u00bb global_colors_info=\u00bb{}\u00bb][et_pb_column type=\u00bb4_4&#8243; _builder_version=\u00bb4.27.4&#8243; _module_preset=\u00bbdefault\u00bb global_colors_info=\u00bb{}\u00bb][et_pb_text _builder_version=\u00bb4.27.4&#8243; _module_preset=\u00bbdefault\u00bb header_2_font=\u00bbAnybody||||||||\u00bb header_2_font_size=\u00bb34px\u00bb custom_margin=\u00bb||10px||false|false\u00bb global_colors_info=\u00bb{}\u00bb]<\/p>\n<h2>Estamos en:<\/h2>\n<p>[\/et_pb_text][et_pb_divider color=\u00bb#C3AF91&#8243; divider_weight=\u00bb8px\u00bb _builder_version=\u00bb4.27.4&#8243; _module_preset=\u00bbdefault\u00bb width=\u00bb7%\u00bb custom_margin=\u00bb||10px||false|false\u00bb global_colors_info=\u00bb{}\u00bb][\/et_pb_divider][et_pb_code _builder_version=\u00bb4.27.4&#8243; _module_preset=\u00bbdefault\u00bb global_colors_info=\u00bb{}\u00bb]<iframe src=\"https:\/\/www.google.com\/maps\/embed?pb=!1m18!1m12!1m3!1d3901.018552652923!2d-76.94742132485813!3d-12.110882343098035!2m3!1f0!2f0!3f0!3m2!1i1024!2i768!4f13.1!3m3!1m2!1s0x9105c7690dab16f5%3A0x16e63804f5dbfd2d!2sCataluna%20156%2C%20Lima%2015024!5e0!3m2!1ses!2spe!4v1761793486402!5m2!1ses!2spe\" width=\"1080\" height=\"500\" style=\"border:0;\" allowfullscreen=\"true\" loading=\"lazy\" referrerpolicy=\"no-referrer-when-downgrade\"><\/iframe>[\/et_pb_code][\/et_pb_column][\/et_pb_row][\/et_pb_section]<\/p>\n","protected":false},"excerpt":{"rendered":"<p>Estamos listos para atender tus consultas yayudarte a tomar la mejor decisi\u00f3n.NEXUS WASI CAPITAL S.A.C.SDirecci\u00f3n:Calle Catalu\u00f1a 156, Urb. La Capilla &#8211; La Molina -Lima &#8211; Per\u00faTel\u00e9fonos:+51 989 853 170 &#8211; Lima+51 949 105 090 &#8211; LimaE-Mail:informes@nexuswasicapital.comHas tu Consulta:Envianos un mensaje con lo que estas buscando. Nuestros Agentes te responderan a la brevedad.Estamos en:<\/p>\n","protected":false},"author":1,"featured_media":0,"parent":0,"menu_order":0,"comment_status":"closed","ping_status":"closed","template":"","meta":{"_et_pb_use_builder":"on","_et_pb_old_content":"<!-- wp:divi\/placeholder \/-->","_et_gb_content_width":"","footnotes":""},"class_list":["post-33","page","type-page","status-publish","hentry"],"yoast_head":"<!-- This site is optimized with the Yoast SEO plugin v27.4 - https:\/\/yoast.com\/product\/yoast-seo-wordpress\/ -->\n<title>Contacto &#187; Nexus Wasi Capital<\/title>\n<meta name=\"robots\" content=\"index, follow, max-snippet:-1, max-image-preview:large, max-video-preview:-1\" \/>\n<link rel=\"canonical\" href=\"https:\/\/nexuswasicapital.com\/index.php\/contacto\/\" \/>\n<meta property=\"og:locale\" content=\"es_ES\" \/>\n<meta property=\"og:type\" content=\"article\" \/>\n<meta property=\"og:title\" content=\"Contacto &#187; Nexus Wasi Capital\" \/>\n<meta property=\"og:description\" content=\"Estamos listos para atender tus consultas yayudarte a tomar la mejor decisi\u00f3n.NEXUS WASI CAPITAL S.A.C.SDirecci\u00f3n:Calle Catalu\u00f1a 156, Urb. La Capilla - La Molina -Lima - Per\u00faTel\u00e9fonos:+51 989 853 170 - Lima+51 949 105 090 - LimaE-Mail:informes@nexuswasicapital.comHas tu Consulta:Envianos un mensaje con lo que estas buscando. Nuestros Agentes te responderan a la brevedad.Estamos en:\" \/>\n<meta property=\"og:url\" content=\"https:\/\/nexuswasicapital.com\/index.php\/contacto\/\" \/>\n<meta property=\"og:site_name\" content=\"Nexus Wasi Capital\" \/>\n<meta property=\"article:modified_time\" content=\"2025-11-19T00:44:57+00:00\" \/>\n<meta property=\"og:image\" content=\"https:\/\/nexuswasicapital.com\/wp-content\/uploads\/2025\/10\/Logos-Empresa-Final.jpg\" \/>\n\t<meta property=\"og:image:width\" content=\"463\" \/>\n\t<meta property=\"og:image:height\" content=\"374\" \/>\n\t<meta property=\"og:image:type\" content=\"image\/jpeg\" \/>\n<meta name=\"twitter:card\" content=\"summary_large_image\" \/>\n<script type=\"application\/ld+json\" class=\"yoast-schema-graph\">{\"@context\":\"https:\\\/\\\/schema.org\",\"@graph\":[{\"@type\":\"WebPage\",\"@id\":\"https:\\\/\\\/nexuswasicapital.com\\\/index.php\\\/contacto\\\/\",\"url\":\"https:\\\/\\\/nexuswasicapital.com\\\/index.php\\\/contacto\\\/\",\"name\":\"Contacto &#187; Nexus Wasi Capital\",\"isPartOf\":{\"@id\":\"https:\\\/\\\/nexuswasicapital.com\\\/#website\"},\"datePublished\":\"2025-10-27T15:38:51+00:00\",\"dateModified\":\"2025-11-19T00:44:57+00:00\",\"breadcrumb\":{\"@id\":\"https:\\\/\\\/nexuswasicapital.com\\\/index.php\\\/contacto\\\/#breadcrumb\"},\"inLanguage\":\"es\",\"potentialAction\":[{\"@type\":\"ReadAction\",\"target\":[\"https:\\\/\\\/nexuswasicapital.com\\\/index.php\\\/contacto\\\/\"]}]},{\"@type\":\"BreadcrumbList\",\"@id\":\"https:\\\/\\\/nexuswasicapital.com\\\/index.php\\\/contacto\\\/#breadcrumb\",\"itemListElement\":[{\"@type\":\"ListItem\",\"position\":1,\"name\":\"Portada\",\"item\":\"https:\\\/\\\/nexuswasicapital.com\\\/\"},{\"@type\":\"ListItem\",\"position\":2,\"name\":\"Contacto\"}]},{\"@type\":\"WebSite\",\"@id\":\"https:\\\/\\\/nexuswasicapital.com\\\/#website\",\"url\":\"https:\\\/\\\/nexuswasicapital.com\\\/\",\"name\":\"Nexus Wasi Capital\",\"description\":\"\",\"publisher\":{\"@id\":\"https:\\\/\\\/nexuswasicapital.com\\\/#organization\"},\"potentialAction\":[{\"@type\":\"SearchAction\",\"target\":{\"@type\":\"EntryPoint\",\"urlTemplate\":\"https:\\\/\\\/nexuswasicapital.com\\\/?s={search_term_string}\"},\"query-input\":{\"@type\":\"PropertyValueSpecification\",\"valueRequired\":true,\"valueName\":\"search_term_string\"}}],\"inLanguage\":\"es\"},{\"@type\":\"Organization\",\"@id\":\"https:\\\/\\\/nexuswasicapital.com\\\/#organization\",\"name\":\"Nexus Wasi Capital\",\"url\":\"https:\\\/\\\/nexuswasicapital.com\\\/\",\"logo\":{\"@type\":\"ImageObject\",\"inLanguage\":\"es\",\"@id\":\"https:\\\/\\\/nexuswasicapital.com\\\/#\\\/schema\\\/logo\\\/image\\\/\",\"url\":\"https:\\\/\\\/nexuswasicapital.com\\\/wp-content\\\/uploads\\\/2025\\\/10\\\/Logos-Empresa-Final.jpg\",\"contentUrl\":\"https:\\\/\\\/nexuswasicapital.com\\\/wp-content\\\/uploads\\\/2025\\\/10\\\/Logos-Empresa-Final.jpg\",\"width\":463,\"height\":374,\"caption\":\"Nexus Wasi Capital\"},\"image\":{\"@id\":\"https:\\\/\\\/nexuswasicapital.com\\\/#\\\/schema\\\/logo\\\/image\\\/\"}}]}<\/script>\n<!-- \/ Yoast SEO plugin. -->","yoast_head_json":{"title":"Contacto &#187; Nexus Wasi Capital","robots":{"index":"index","follow":"follow","max-snippet":"max-snippet:-1","max-image-preview":"max-image-preview:large","max-video-preview":"max-video-preview:-1"},"canonical":"https:\/\/nexuswasicapital.com\/index.php\/contacto\/","og_locale":"es_ES","og_type":"article","og_title":"Contacto &#187; Nexus Wasi Capital","og_description":"Estamos listos para atender tus consultas yayudarte a tomar la mejor decisi\u00f3n.NEXUS WASI CAPITAL S.A.C.SDirecci\u00f3n:Calle Catalu\u00f1a 156, Urb. La Capilla - La Molina -Lima - Per\u00faTel\u00e9fonos:+51 989 853 170 - Lima+51 949 105 090 - LimaE-Mail:informes@nexuswasicapital.comHas tu Consulta:Envianos un mensaje con lo que estas buscando. Nuestros Agentes te responderan a la brevedad.Estamos en:","og_url":"https:\/\/nexuswasicapital.com\/index.php\/contacto\/","og_site_name":"Nexus Wasi Capital","article_modified_time":"2025-11-19T00:44:57+00:00","og_image":[{"width":463,"height":374,"url":"https:\/\/nexuswasicapital.com\/wp-content\/uploads\/2025\/10\/Logos-Empresa-Final.jpg","type":"image\/jpeg"}],"twitter_card":"summary_large_image","schema":{"@context":"https:\/\/schema.org","@graph":[{"@type":"WebPage","@id":"https:\/\/nexuswasicapital.com\/index.php\/contacto\/","url":"https:\/\/nexuswasicapital.com\/index.php\/contacto\/","name":"Contacto &#187; Nexus Wasi Capital","isPartOf":{"@id":"https:\/\/nexuswasicapital.com\/#website"},"datePublished":"2025-10-27T15:38:51+00:00","dateModified":"2025-11-19T00:44:57+00:00","breadcrumb":{"@id":"https:\/\/nexuswasicapital.com\/index.php\/contacto\/#breadcrumb"},"inLanguage":"es","potentialAction":[{"@type":"ReadAction","target":["https:\/\/nexuswasicapital.com\/index.php\/contacto\/"]}]},{"@type":"BreadcrumbList","@id":"https:\/\/nexuswasicapital.com\/index.php\/contacto\/#breadcrumb","itemListElement":[{"@type":"ListItem","position":1,"name":"Portada","item":"https:\/\/nexuswasicapital.com\/"},{"@type":"ListItem","position":2,"name":"Contacto"}]},{"@type":"WebSite","@id":"https:\/\/nexuswasicapital.com\/#website","url":"https:\/\/nexuswasicapital.com\/","name":"Nexus Wasi Capital","description":"","publisher":{"@id":"https:\/\/nexuswasicapital.com\/#organization"},"potentialAction":[{"@type":"SearchAction","target":{"@type":"EntryPoint","urlTemplate":"https:\/\/nexuswasicapital.com\/?s={search_term_string}"},"query-input":{"@type":"PropertyValueSpecification","valueRequired":true,"valueName":"search_term_string"}}],"inLanguage":"es"},{"@type":"Organization","@id":"https:\/\/nexuswasicapital.com\/#organization","name":"Nexus Wasi Capital","url":"https:\/\/nexuswasicapital.com\/","logo":{"@type":"ImageObject","inLanguage":"es","@id":"https:\/\/nexuswasicapital.com\/#\/schema\/logo\/image\/","url":"https:\/\/nexuswasicapital.com\/wp-content\/uploads\/2025\/10\/Logos-Empresa-Final.jpg","contentUrl":"https:\/\/nexuswasicapital.com\/wp-content\/uploads\/2025\/10\/Logos-Empresa-Final.jpg","width":463,"height":374,"caption":"Nexus Wasi Capital"},"image":{"@id":"https:\/\/nexuswasicapital.com\/#\/schema\/logo\/image\/"}}]}},"_links":{"self":[{"href":"https:\/\/nexuswasicapital.com\/index.php\/wp-json\/wp\/v2\/pages\/33","targetHints":{"allow":["GET"]}}],"collection":[{"href":"https:\/\/nexuswasicapital.com\/index.php\/wp-json\/wp\/v2\/pages"}],"about":[{"href":"https:\/\/nexuswasicapital.com\/index.php\/wp-json\/wp\/v2\/types\/page"}],"author":[{"embeddable":true,"href":"https:\/\/nexuswasicapital.com\/index.php\/wp-json\/wp\/v2\/users\/1"}],"replies":[{"embeddable":true,"href":"https:\/\/nexuswasicapital.com\/index.php\/wp-json\/wp\/v2\/comments?post=33"}],"version-history":[{"count":47,"href":"https:\/\/nexuswasicapital.com\/index.php\/wp-json\/wp\/v2\/pages\/33\/revisions"}],"predecessor-version":[{"id":652,"href":"https:\/\/nexuswasicapital.com\/index.php\/wp-json\/wp\/v2\/pages\/33\/revisions\/652"}],"wp:attachment":[{"href":"https:\/\/nexuswasicapital.com\/index.php\/wp-json\/wp\/v2\/media?parent=33"}],"curies":[{"name":"wp","href":"https:\/\/api.w.org\/{rel}","templated":true}]}}