{"id":38,"date":"2025-10-27T15:56:58","date_gmt":"2025-10-27T15:56:58","guid":{"rendered":"https:\/\/nexuswasicapital.com\/?page_id=38"},"modified":"2025-11-05T21:12:21","modified_gmt":"2025-11-05T21:12:21","slug":"catalogos","status":"publish","type":"page","link":"https:\/\/nexuswasicapital.com\/index.php\/catalogos\/","title":{"rendered":"Cat\u00e1logos"},"content":{"rendered":"<p>[et_pb_section fb_built=\u00bb1&#8243; fullwidth=\u00bbon\u00bb _builder_version=\u00bb4.27.4&#8243; _module_preset=\u00bbdefault\u00bb global_colors_info=\u00bb{}\u00bb][et_pb_fullwidth_header title=\u00bbCat\u00e1logos\u00bb module_class=\u00bbsuperposicion-header\u00bb _builder_version=\u00bb4.27.4&#8243; _module_preset=\u00bbdefault\u00bb title_font=\u00bbAnybody||||||||\u00bb title_font_size=\u00bb45px\u00bb content_font_size=\u00bb25px\u00bb content_line_height=\u00bb1.5em\u00bb background_image=\u00bbhttps:\/\/nexuswasicapital.com\/wp-content\/uploads\/2025\/11\/catalogos-233.jpg\u00bb background_position=\u00bbtop_center\u00bb background_vertical_offset=\u00bb86%\u00bb custom_padding=\u00bb225px||225px||true|\u00bb hover_enabled=\u00bb0&#8243; text_shadow_style=\u00bbpreset1&#8243; global_colors_info=\u00bb{}\u00bb background_enable_color=\u00bboff\u00bb title_text=\u00bbcatalogos-233&#8243; sticky_enabled=\u00bb0&#8243;]<\/p>\n<p>Descarga nuestros cat\u00e1logos y encuentra<br \/>el espacio ideal para vivir o invertir.<\/p>\n<p>[\/et_pb_fullwidth_header][\/et_pb_section][et_pb_section fb_built=\u00bb1&#8243; _builder_version=\u00bb4.27.4&#8243; _module_preset=\u00bbdefault\u00bb custom_padding=\u00bb62px||62px||true|\u00bb global_colors_info=\u00bb{}\u00bb][et_pb_row _builder_version=\u00bb4.27.4&#8243; _module_preset=\u00bbdefault\u00bb global_colors_info=\u00bb{}\u00bb][et_pb_column type=\u00bb4_4&#8243; _builder_version=\u00bb4.27.4&#8243; _module_preset=\u00bbdefault\u00bb global_colors_info=\u00bb{}\u00bb][et_pb_text _builder_version=\u00bb4.27.4&#8243; _module_preset=\u00bbdefault\u00bb text_font=\u00bbAnybody||||||||\u00bb header_2_font_size=\u00bb32px\u00bb custom_margin=\u00bb||10px||false|false\u00bb global_colors_info=\u00bb{}\u00bb]<\/p>\n<h2>Descarga los Cat\u00e1logos<\/h2>\n<p>[\/et_pb_text][et_pb_divider color=\u00bb#C3AF91&#8243; divider_weight=\u00bb7px\u00bb _builder_version=\u00bb4.27.4&#8243; _module_preset=\u00bbdefault\u00bb width=\u00bb7%\u00bb global_colors_info=\u00bb{}\u00bb][\/et_pb_divider][\/et_pb_column][\/et_pb_row][et_pb_row column_structure=\u00bb1_2,1_2&#8243; _builder_version=\u00bb4.27.4&#8243; _module_preset=\u00bbdefault\u00bb global_colors_info=\u00bb{}\u00bb][et_pb_column type=\u00bb1_2&#8243; _builder_version=\u00bb4.27.4&#8243; _module_preset=\u00bbdefault\u00bb global_colors_info=\u00bb{}\u00bb][et_pb_text _builder_version=\u00bb4.27.4&#8243; _module_preset=\u00bbdefault\u00bb header_3_font=\u00bbAnybody||||||||\u00bb header_3_font_size=\u00bb27px\u00bb custom_margin=\u00bb||10px||false|false\u00bb global_colors_info=\u00bb{}\u00bb]<\/p>\n<h3>Propiedades<\/h3>\n<p>[\/et_pb_text][et_pb_divider color=\u00bb#C3AF91&#8243; divider_weight=\u00bb7px\u00bb _builder_version=\u00bb4.27.4&#8243; _module_preset=\u00bbdefault\u00bb width=\u00bb14%\u00bb global_colors_info=\u00bb{}\u00bb][\/et_pb_divider][et_pb_image src=\u00bbhttps:\/\/nexuswasicapital.com\/wp-content\/uploads\/2025\/10\/female-architecture-working-house-project.jpg\u00bb title_text=\u00bbfemale-architecture-working-house-project\u00bb _builder_version=\u00bb4.27.4&#8243; _module_preset=\u00bbdefault\u00bb width=\u00bb90%\u00bb custom_margin=\u00bb||55px|||\u00bb border_radii=\u00bbon|20px|20px|20px|20px\u00bb global_colors_info=\u00bb{}\u00bb][\/et_pb_image][et_pb_text _builder_version=\u00bb4.27.4&#8243; _module_preset=\u00bbdefault\u00bb global_colors_info=\u00bb{}\u00bb]<\/p>\n<p><span><div class=\"_df_thumb \" id=\"df_466\"  _slug=\"466\" data-title=\"propiedades-en-venta\" wpoptions=\"true\" thumb=\"https:\/\/nexuswasicapital.com\/wp-content\/uploads\/2025\/11\/2025-10-29-09.54.29.webp\" thumbtype=\"\" >Propiedades en Venta<\/div><script class=\"df-shortcode-script\" nowprocket type=\"application\/javascript\">window.option_df_466 = {\"outline\":[],\"autoEnableOutline\":\"false\",\"autoEnableThumbnail\":\"false\",\"overwritePDFOutline\":\"false\",\"direction\":\"1\",\"pageSize\":\"0\",\"source\":\"https:\\\/\\\/nexuswasicapital.com\\\/wp-content\\\/uploads\\\/2025\\\/11\\\/PRESENTACION-TERRENO-AVENIDA-ARGENTINA.pdf\",\"wpOptions\":\"true\"}; if(window.DFLIP && window.DFLIP.parseBooks){window.DFLIP.parseBooks();}<\/script><\/span><\/p>\n<p>[\/et_pb_text][\/et_pb_column][et_pb_column type=\u00bb1_2&#8243; _builder_version=\u00bb4.27.4&#8243; _module_preset=\u00bbdefault\u00bb global_colors_info=\u00bb{}\u00bb][et_pb_text _builder_version=\u00bb4.27.4&#8243; _module_preset=\u00bbdefault\u00bb header_3_font=\u00bbAnybody||||||||\u00bb header_3_font_size=\u00bb27px\u00bb custom_margin=\u00bb||10px||false|false\u00bb global_colors_info=\u00bb{}\u00bb]<\/p>\n<h3>Alquileres<\/h3>\n<p>[\/et_pb_text][et_pb_divider color=\u00bb#C3AF91&#8243; divider_weight=\u00bb7px\u00bb _builder_version=\u00bb4.27.4&#8243; _module_preset=\u00bbdefault\u00bb width=\u00bb14%\u00bb global_colors_info=\u00bb{}\u00bb][\/et_pb_divider][et_pb_image src=\u00bbhttps:\/\/nexuswasicapital.com\/wp-content\/uploads\/2025\/10\/interior-designer-checking-photos.jpg\u00bb title_text=\u00bbinterior-designer-checking-photos\u00bb _builder_version=\u00bb4.27.4&#8243; _module_preset=\u00bbdefault\u00bb width=\u00bb90%\u00bb border_radii=\u00bbon|20px|20px|20px|20px\u00bb global_colors_info=\u00bb{}\u00bb][\/et_pb_image][\/et_pb_column][\/et_pb_row][\/et_pb_section]<\/p>\n","protected":false},"excerpt":{"rendered":"<p>Descarga nuestros cat\u00e1logos y encuentrael espacio ideal para vivir o invertir.Descarga los Cat\u00e1logosPropiedades<div class=\"_df_thumb \" id=\"df_466\"  _slug=\"466\" data-title=\"propiedades-en-venta\" wpoptions=\"true\" thumb=\"https:\/\/nexuswasicapital.com\/wp-content\/uploads\/2025\/11\/2025-10-29-09.54.29.webp\" thumbtype=\"\" >Propiedades en Venta<\/div><script class=\"df-shortcode-script\" nowprocket type=\"application\/javascript\">window.option_df_466 = {\"outline\":[],\"autoEnableOutline\":\"false\",\"autoEnableThumbnail\":\"false\",\"overwritePDFOutline\":\"false\",\"direction\":\"1\",\"pageSize\":\"0\",\"source\":\"https:\\\/\\\/nexuswasicapital.com\\\/wp-content\\\/uploads\\\/2025\\\/11\\\/PRESENTACION-TERRENO-AVENIDA-ARGENTINA.pdf\",\"wpOptions\":\"true\"}; if(window.DFLIP && window.DFLIP.parseBooks){window.DFLIP.parseBooks();}<\/script>Alquileres<\/p>\n","protected":false},"author":1,"featured_media":0,"parent":0,"menu_order":0,"comment_status":"closed","ping_status":"closed","template":"","meta":{"_et_pb_use_builder":"on","_et_pb_old_content":"<!-- wp:divi\/placeholder \/-->","_et_gb_content_width":"","footnotes":""},"class_list":["post-38","page","type-page","status-publish","hentry"],"yoast_head":"<!-- This site is optimized with the Yoast SEO plugin v27.4 - https:\/\/yoast.com\/product\/yoast-seo-wordpress\/ -->\n<title>Cat\u00e1logos &#187; Nexus Wasi Capital<\/title>\n<meta name=\"robots\" content=\"index, follow, max-snippet:-1, max-image-preview:large, max-video-preview:-1\" \/>\n<link rel=\"canonical\" href=\"https:\/\/nexuswasicapital.com\/index.php\/catalogos\/\" \/>\n<meta property=\"og:locale\" content=\"es_ES\" \/>\n<meta property=\"og:type\" content=\"article\" \/>\n<meta property=\"og:title\" content=\"Cat\u00e1logos &#187; Nexus Wasi Capital\" \/>\n<meta property=\"og:description\" content=\"Descarga nuestros cat\u00e1logos y encuentrael espacio ideal para vivir o invertir.Descarga los Cat\u00e1logosPropiedadesAlquileres\" \/>\n<meta property=\"og:url\" content=\"https:\/\/nexuswasicapital.com\/index.php\/catalogos\/\" \/>\n<meta property=\"og:site_name\" content=\"Nexus Wasi Capital\" \/>\n<meta property=\"article:modified_time\" content=\"2025-11-05T21:12:21+00:00\" \/>\n<meta property=\"og:image\" content=\"https:\/\/nexuswasicapital.com\/wp-content\/uploads\/2025\/10\/Logos-Empresa-Final.jpg\" \/>\n\t<meta property=\"og:image:width\" content=\"463\" \/>\n\t<meta property=\"og:image:height\" content=\"374\" \/>\n\t<meta property=\"og:image:type\" content=\"image\/jpeg\" \/>\n<meta name=\"twitter:card\" content=\"summary_large_image\" \/>\n<script type=\"application\/ld+json\" class=\"yoast-schema-graph\">{\"@context\":\"https:\\\/\\\/schema.org\",\"@graph\":[{\"@type\":\"WebPage\",\"@id\":\"https:\\\/\\\/nexuswasicapital.com\\\/index.php\\\/catalogos\\\/\",\"url\":\"https:\\\/\\\/nexuswasicapital.com\\\/index.php\\\/catalogos\\\/\",\"name\":\"Cat\u00e1logos &#187; Nexus Wasi Capital\",\"isPartOf\":{\"@id\":\"https:\\\/\\\/nexuswasicapital.com\\\/#website\"},\"datePublished\":\"2025-10-27T15:56:58+00:00\",\"dateModified\":\"2025-11-05T21:12:21+00:00\",\"breadcrumb\":{\"@id\":\"https:\\\/\\\/nexuswasicapital.com\\\/index.php\\\/catalogos\\\/#breadcrumb\"},\"inLanguage\":\"es\",\"potentialAction\":[{\"@type\":\"ReadAction\",\"target\":[\"https:\\\/\\\/nexuswasicapital.com\\\/index.php\\\/catalogos\\\/\"]}]},{\"@type\":\"BreadcrumbList\",\"@id\":\"https:\\\/\\\/nexuswasicapital.com\\\/index.php\\\/catalogos\\\/#breadcrumb\",\"itemListElement\":[{\"@type\":\"ListItem\",\"position\":1,\"name\":\"Portada\",\"item\":\"https:\\\/\\\/nexuswasicapital.com\\\/\"},{\"@type\":\"ListItem\",\"position\":2,\"name\":\"Cat\u00e1logos\"}]},{\"@type\":\"WebSite\",\"@id\":\"https:\\\/\\\/nexuswasicapital.com\\\/#website\",\"url\":\"https:\\\/\\\/nexuswasicapital.com\\\/\",\"name\":\"Nexus Wasi Capital\",\"description\":\"\",\"publisher\":{\"@id\":\"https:\\\/\\\/nexuswasicapital.com\\\/#organization\"},\"potentialAction\":[{\"@type\":\"SearchAction\",\"target\":{\"@type\":\"EntryPoint\",\"urlTemplate\":\"https:\\\/\\\/nexuswasicapital.com\\\/?s={search_term_string}\"},\"query-input\":{\"@type\":\"PropertyValueSpecification\",\"valueRequired\":true,\"valueName\":\"search_term_string\"}}],\"inLanguage\":\"es\"},{\"@type\":\"Organization\",\"@id\":\"https:\\\/\\\/nexuswasicapital.com\\\/#organization\",\"name\":\"Nexus Wasi Capital\",\"url\":\"https:\\\/\\\/nexuswasicapital.com\\\/\",\"logo\":{\"@type\":\"ImageObject\",\"inLanguage\":\"es\",\"@id\":\"https:\\\/\\\/nexuswasicapital.com\\\/#\\\/schema\\\/logo\\\/image\\\/\",\"url\":\"https:\\\/\\\/nexuswasicapital.com\\\/wp-content\\\/uploads\\\/2025\\\/10\\\/Logos-Empresa-Final.jpg\",\"contentUrl\":\"https:\\\/\\\/nexuswasicapital.com\\\/wp-content\\\/uploads\\\/2025\\\/10\\\/Logos-Empresa-Final.jpg\",\"width\":463,\"height\":374,\"caption\":\"Nexus Wasi Capital\"},\"image\":{\"@id\":\"https:\\\/\\\/nexuswasicapital.com\\\/#\\\/schema\\\/logo\\\/image\\\/\"}}]}<\/script>\n<!-- \/ Yoast SEO plugin. -->","yoast_head_json":{"title":"Cat\u00e1logos &#187; Nexus Wasi Capital","robots":{"index":"index","follow":"follow","max-snippet":"max-snippet:-1","max-image-preview":"max-image-preview:large","max-video-preview":"max-video-preview:-1"},"canonical":"https:\/\/nexuswasicapital.com\/index.php\/catalogos\/","og_locale":"es_ES","og_type":"article","og_title":"Cat\u00e1logos &#187; Nexus Wasi Capital","og_description":"Descarga nuestros cat\u00e1logos y encuentrael espacio ideal para vivir o invertir.Descarga los Cat\u00e1logosPropiedadesAlquileres","og_url":"https:\/\/nexuswasicapital.com\/index.php\/catalogos\/","og_site_name":"Nexus Wasi Capital","article_modified_time":"2025-11-05T21:12:21+00:00","og_image":[{"width":463,"height":374,"url":"https:\/\/nexuswasicapital.com\/wp-content\/uploads\/2025\/10\/Logos-Empresa-Final.jpg","type":"image\/jpeg"}],"twitter_card":"summary_large_image","schema":{"@context":"https:\/\/schema.org","@graph":[{"@type":"WebPage","@id":"https:\/\/nexuswasicapital.com\/index.php\/catalogos\/","url":"https:\/\/nexuswasicapital.com\/index.php\/catalogos\/","name":"Cat\u00e1logos &#187; Nexus Wasi Capital","isPartOf":{"@id":"https:\/\/nexuswasicapital.com\/#website"},"datePublished":"2025-10-27T15:56:58+00:00","dateModified":"2025-11-05T21:12:21+00:00","breadcrumb":{"@id":"https:\/\/nexuswasicapital.com\/index.php\/catalogos\/#breadcrumb"},"inLanguage":"es","potentialAction":[{"@type":"ReadAction","target":["https:\/\/nexuswasicapital.com\/index.php\/catalogos\/"]}]},{"@type":"BreadcrumbList","@id":"https:\/\/nexuswasicapital.com\/index.php\/catalogos\/#breadcrumb","itemListElement":[{"@type":"ListItem","position":1,"name":"Portada","item":"https:\/\/nexuswasicapital.com\/"},{"@type":"ListItem","position":2,"name":"Cat\u00e1logos"}]},{"@type":"WebSite","@id":"https:\/\/nexuswasicapital.com\/#website","url":"https:\/\/nexuswasicapital.com\/","name":"Nexus Wasi Capital","description":"","publisher":{"@id":"https:\/\/nexuswasicapital.com\/#organization"},"potentialAction":[{"@type":"SearchAction","target":{"@type":"EntryPoint","urlTemplate":"https:\/\/nexuswasicapital.com\/?s={search_term_string}"},"query-input":{"@type":"PropertyValueSpecification","valueRequired":true,"valueName":"search_term_string"}}],"inLanguage":"es"},{"@type":"Organization","@id":"https:\/\/nexuswasicapital.com\/#organization","name":"Nexus Wasi Capital","url":"https:\/\/nexuswasicapital.com\/","logo":{"@type":"ImageObject","inLanguage":"es","@id":"https:\/\/nexuswasicapital.com\/#\/schema\/logo\/image\/","url":"https:\/\/nexuswasicapital.com\/wp-content\/uploads\/2025\/10\/Logos-Empresa-Final.jpg","contentUrl":"https:\/\/nexuswasicapital.com\/wp-content\/uploads\/2025\/10\/Logos-Empresa-Final.jpg","width":463,"height":374,"caption":"Nexus Wasi Capital"},"image":{"@id":"https:\/\/nexuswasicapital.com\/#\/schema\/logo\/image\/"}}]}},"_links":{"self":[{"href":"https:\/\/nexuswasicapital.com\/index.php\/wp-json\/wp\/v2\/pages\/38","targetHints":{"allow":["GET"]}}],"collection":[{"href":"https:\/\/nexuswasicapital.com\/index.php\/wp-json\/wp\/v2\/pages"}],"about":[{"href":"https:\/\/nexuswasicapital.com\/index.php\/wp-json\/wp\/v2\/types\/page"}],"author":[{"embeddable":true,"href":"https:\/\/nexuswasicapital.com\/index.php\/wp-json\/wp\/v2\/users\/1"}],"replies":[{"embeddable":true,"href":"https:\/\/nexuswasicapital.com\/index.php\/wp-json\/wp\/v2\/comments?post=38"}],"version-history":[{"count":16,"href":"https:\/\/nexuswasicapital.com\/index.php\/wp-json\/wp\/v2\/pages\/38\/revisions"}],"predecessor-version":[{"id":528,"href":"https:\/\/nexuswasicapital.com\/index.php\/wp-json\/wp\/v2\/pages\/38\/revisions\/528"}],"wp:attachment":[{"href":"https:\/\/nexuswasicapital.com\/index.php\/wp-json\/wp\/v2\/media?parent=38"}],"curies":[{"name":"wp","href":"https:\/\/api.w.org\/{rel}","templated":true}]}}